{"id":685,"date":"2024-10-21T21:48:02","date_gmt":"2024-10-21T19:48:02","guid":{"rendered":"https:\/\/www.msctyrlistek-vdf.cz\/?page_id=685"},"modified":"2024-10-21T21:57:23","modified_gmt":"2024-10-21T19:57:23","slug":"sponzori","status":"publish","type":"page","link":"https:\/\/www.msctyrlistek-vdf.cz\/index.php\/sponzori\/","title":{"rendered":"Sponzo\u0159i"},"content":{"rendered":"\n<p>Mate\u0159sk\u00e1 \u0161kola d\u011bkuje sponzor\u016fm, kte\u0159\u00ed se finan\u010dn\u011b pod\u00edleli na n\u00e1kupu hyperbarick\u00e9 komory pro ozdravn\u00e9 \u00fa\u010dely.<\/p>\n\n\n\n<ul class=\"wp-block-list\">\n<li>P\u011bveck\u00fd sbor N\u00e1hodou<\/li>\n\n\n\n<li>rodi\u010de d\u011bt\u00ed t\u0159\u00edd A, B, VV, PAS<\/li>\n\n\n\n<li>rodina N\u011bmcova, Kolouchova, Fialova, Krausova, Stred\u00e1kova, Svobodova, Valenova, Arya, L. Kubrov\u00e1, A. Boh\u00e1\u010dkov\u00e1, J. H\u00e1jkov\u00e1<\/li>\n\n\n\n<li>Bro-za Construction s.r.o.<\/li>\n\n\n\n<li>Metalurgie Rumburk s.r.o.<\/li>\n\n\n\n<li>BILLA Varnsdorf<\/li>\n\n\n\n<li>FK Varnsdorf a.s.<\/li>\n\n\n\n<li>Basket Varnsdorf<\/li>\n\n\n\n<li>Dr. Herman s.r.o.<\/li>\n\n\n\n<li>HC Varnsdorf<\/li>\n\n\n\n<li>n\u00e1v\u0161t\u011bvn\u00edci divadla Akademie d\u011bt\u00ed<\/li>\n\n\n\n<li>host\u00e9 restaurace Old House<\/li>\n<\/ul>\n\n\n\n<p>Celkem se vybralo \u00factyhodn\u00fdch 174 860,- K\u010d. V\u0161em jmenovan\u00fdm moc d\u011bkujeme.<\/p>\n\n\n\n<p><\/p>\n\n\n\n<p><\/p>\n","protected":false},"excerpt":{"rendered":"<p>Mate\u0159sk\u00e1 \u0161kola d\u011bkuje sponzor\u016fm, kte\u0159\u00ed se finan\u010dn\u011b pod\u00edleli na n\u00e1kupu hyperbarick\u00e9 komory pro ozdravn\u00e9 \u00fa\u010dely. Celkem se vybralo \u00factyhodn\u00fdch 174 860,- K\u010d. V\u0161em jmenovan\u00fdm moc d\u011bkujeme.<\/p>\n","protected":false},"author":1,"featured_media":0,"parent":0,"menu_order":0,"comment_status":"closed","ping_status":"closed","template":"","meta":{"footnotes":""},"categories":[],"tags":[],"class_list":["post-685","page","type-page","status-publish"],"_links":{"self":[{"href":"https:\/\/www.msctyrlistek-vdf.cz\/index.php\/wp-json\/wp\/v2\/pages\/685","targetHints":{"allow":["GET"]}}],"collection":[{"href":"https:\/\/www.msctyrlistek-vdf.cz\/index.php\/wp-json\/wp\/v2\/pages"}],"about":[{"href":"https:\/\/www.msctyrlistek-vdf.cz\/index.php\/wp-json\/wp\/v2\/types\/page"}],"author":[{"embeddable":true,"href":"https:\/\/www.msctyrlistek-vdf.cz\/index.php\/wp-json\/wp\/v2\/users\/1"}],"replies":[{"embeddable":true,"href":"https:\/\/www.msctyrlistek-vdf.cz\/index.php\/wp-json\/wp\/v2\/comments?post=685"}],"version-history":[{"count":6,"href":"https:\/\/www.msctyrlistek-vdf.cz\/index.php\/wp-json\/wp\/v2\/pages\/685\/revisions"}],"predecessor-version":[{"id":696,"href":"https:\/\/www.msctyrlistek-vdf.cz\/index.php\/wp-json\/wp\/v2\/pages\/685\/revisions\/696"}],"wp:attachment":[{"href":"https:\/\/www.msctyrlistek-vdf.cz\/index.php\/wp-json\/wp\/v2\/media?parent=685"}],"wp:term":[{"taxonomy":"category","embeddable":true,"href":"https:\/\/www.msctyrlistek-vdf.cz\/index.php\/wp-json\/wp\/v2\/categories?post=685"},{"taxonomy":"post_tag","embeddable":true,"href":"https:\/\/www.msctyrlistek-vdf.cz\/index.php\/wp-json\/wp\/v2\/tags?post=685"}],"curies":[{"name":"wp","href":"https:\/\/api.w.org\/{rel}","templated":true}]}}