{"id":158,"date":"2024-08-26T18:58:49","date_gmt":"2024-08-26T16:58:49","guid":{"rendered":"https:\/\/www.msctyrlistek-vdf.cz\/?page_id=158"},"modified":"2025-01-23T18:18:36","modified_gmt":"2025-01-23T17:18:36","slug":"galaxie-er","status":"publish","type":"page","link":"https:\/\/www.msctyrlistek-vdf.cz\/index.php\/galaxie-er\/","title":{"rendered":"Galaxie eR"},"content":{"rendered":"\n<p>Galaxie eR se nach\u00e1z\u00ed v\u00a0\u017e\u00e1dan\u00e9 lokalit\u011b pobl\u00ed\u017e plaveck\u00e9ho baz\u00e9nu, sportovn\u00ed haly a autobusov\u00e9 zast\u00e1vky.<\/p>\n\n\n\n<p>Exteri\u00e9r \u0161koly pout\u00e1 pozornost nad\u010dasov\u00fdm \u201ekosmick\u00fdm\u201c vzhledem elipsovit\u00e9ho galaktick\u00e9ho tvaru a vnit\u0159ek nab\u00edz\u00ed interier v&nbsp;supermodern\u00edm h\u00e1vu s&nbsp;ve\u0161ker\u00fdm technick\u00fdm z\u00e1zem\u00edm i vybaven\u00edm.<\/p>\n\n\n\n<p>Budova se d\u011bl\u00ed na dv\u011b sob\u011bsta\u010dn\u00e1 prosklen\u00e1 k\u0159\u00eddla s\u00a0v\u00fdhledem na vnit\u0159n\u00ed ambit a st\u0159ed umocn\u011bn\u00fdm zatravn\u011bn\u00fdm povrchem s\u00a0v\u00fdsadbou japonsk\u00fdch sakur. V\u00a0obou k\u0159\u00eddlech se nach\u00e1zej\u00ed dv\u011b heterogenn\u00ed t\u0159\u00eddy <a href=\"https:\/\/www.msctyrlistek-vdf.cz\/index.php\/galaxie-er\/planetky\/\" data-type=\"page\" data-id=\"258\">Planetky<\/a> a <a href=\"https:\/\/www.msctyrlistek-vdf.cz\/index.php\/galaxie-er\/kometky\/\" data-type=\"page\" data-id=\"256\">Kometky<\/a> s\u00a0kapacitou 25 d\u011bt\u00ed na t\u0159\u00eddu. V\u00a0ka\u017ed\u00e9 t\u0159\u00edd\u011b pracuje kvalifikovan\u00fd person\u00e1l s\u00a0vyu\u017eit\u00edm asistentek pedagoga.<\/p>\n\n\n\n<p>M\u0160 Galaxie eR nab\u00edz\u00ed d\u011btem i mo\u017enosti v&nbsp;oblasti z\u00e1jmov\u00fdch krou\u017ek\u016f \u2013 nap\u0159. anglick\u00fd jazyk (pond\u011bl\u00ed a st\u0159eda) a d\u011btsk\u00e1 j\u00f3ga a samoz\u0159ejm\u011b i spoustu dal\u0161\u00edch aktivit (kino, divadlo, plav\u00e1n\u00ed, v\u00fdtvarn\u00e9 sout\u011b\u017ee, v\u00fdlety, muzikoterapie\u2026)<\/p>\n\n\n\n<p>M\u0160 je naprosto sob\u011bsta\u010dn\u00e1 ve stravov\u00e1n\u00ed. M\u00edstn\u00ed kuchy\u0148 s\u00a0modern\u00edm vybaven\u00edm nab\u00edz\u00ed zdrav\u00e9 pokrmy v\u0161em d\u011btem v\u010detn\u011b objektu <a href=\"https:\/\/www.msctyrlistek-vdf.cz\/index.php\/ctyrlistek\/\" data-type=\"page\" data-id=\"155\">\u010cty\u0159l\u00edstek<\/a>.<\/p>\n\n\n\n<p>Prostory za \u0161kolkou sk\u00fdtaj\u00ed mo\u017enosti venkovn\u00edho vy\u017eit\u00ed d\u011bt\u00ed. Zahrada je pln\u011b vybavena hern\u00edmi prvky a relaxa\u010dn\u00edmi z\u00f3nami a v&nbsp;dob\u011b nep\u0159\u00edzniv\u00e9ho po\u010das\u00ed lze vyu\u017e\u00edt na pobyt venku kryt\u00fd ambit se zabudovan\u00fdm p\u00edskovi\u0161t\u011bm a hygienick\u00fdm za\u0159\u00edzen\u00edm.<\/p>\n\n\n\n<div class=\"wp-block-columns is-layout-flex wp-container-core-columns-is-layout-9d6595d7 wp-block-columns-is-layout-flex\">\n<div class=\"wp-block-column is-layout-flow wp-block-column-is-layout-flow\"><\/div>\n\n\n\n<div class=\"wp-block-column is-layout-flow wp-block-column-is-layout-flow\">\n<div class=\"wp-block-cover has-custom-content-position is-position-top-center\"><span aria-hidden=\"true\" class=\"wp-block-cover__background has-background-dim-100 has-background-dim has-background-gradient\" style=\"background:linear-gradient(180deg,rgb(71,149,255) 0%,rgb(45,62,144) 100%)\"><\/span><div class=\"wp-block-cover__inner-container is-layout-constrained wp-block-cover-is-layout-constrained\">\n<p class=\"has-text-align-center block-header has-base-3-color has-text-color has-link-color wp-elements-336632bb142826a845c2299b7664a524\" style=\"font-style:normal;font-weight:700\"><a href=\"https:\/\/www.msctyrlistek-vdf.cz\/index.php\/galaxie-er\/kometky\/\" data-type=\"page\" data-id=\"256\">Kometky<\/a><\/p>\n<\/div><\/div>\n<\/div>\n\n\n\n<div class=\"wp-block-column is-layout-flow wp-block-column-is-layout-flow\">\n<div class=\"wp-block-cover has-custom-content-position is-position-top-center\"><span aria-hidden=\"true\" class=\"wp-block-cover__background has-background-dim-100 has-background-dim has-background-gradient\" style=\"background:linear-gradient(180deg,rgb(255,183,0) 1%,rgb(158,113,0) 100%)\"><\/span><div class=\"wp-block-cover__inner-container is-layout-constrained wp-block-cover-is-layout-constrained\">\n<p class=\"has-text-align-center block-header has-base-3-color has-text-color has-link-color wp-elements-b947e57fe638364aa46daf62d35ca753\" style=\"font-style:normal;font-weight:700\"><a href=\"https:\/\/www.msctyrlistek-vdf.cz\/index.php\/galaxie-er\/planetky\/\" data-type=\"page\" data-id=\"258\">Planetky<\/a><\/p>\n<\/div><\/div>\n<\/div>\n\n\n\n<div class=\"wp-block-column is-layout-flow wp-block-column-is-layout-flow\"><\/div>\n<\/div>\n\n\n\n<style id=\"bwg-style-0\">      #bwg_container1_0 #bwg_container2_0 #bwg_mosaic_thumbnails_div_0 {        width: 100%;        position: relative;        background-color: rgba(255, 255, 255, 0.00);        text-align: center;        justify-content: center;                  margin-left: auto;          margin-right: auto;                    padding-left: 4px;          padding-top: 4px;                }          #bwg_container1_0 #bwg_container2_0 .bwg_mosaic_thumb_spun_0 {        display: block;        position: absolute;\t\t\t\tborder-radius: 2px;\t\t\t\tborder: 1px none #CC0000;    \t\t    \t\tbackground-color:rgba(0,0,0, 0.30);        -moz-box-sizing: content-box !important;        -webkit-box-sizing: content-box !important;        box-sizing: content-box !important;      }\t\t\t#bwg_container1_0 #bwg_container2_0 .bwg_mosaic_thumb_0 {\t\t\t\tdisplay: block;\t\t\t\t-moz-box-sizing: content-box !important;\t\t\t\t-webkit-box-sizing: content-box !important;\t\t\t\tbox-sizing: content-box !important;\t\t\t\tmargin: 0;\t\t\t\topacity: 1.00;\t\t\t}      #bwg_container1_0 #bwg_container2_0 .bwg_mosaic_thumb_spun_0:hover {        opacity: 1;        backface-visibility: hidden;        -webkit-backface-visibility: hidden;        -moz-backface-visibility: hidden;        -ms-backface-visibility: hidden;        z-index: 102;      }\t     @media only screen and (min-width: 480px) {\t\t#bwg_container1_0 #bwg_container2_0 .bwg-container-0.bwg-mosaic-thumbnails .bwg-item0 img {\t\t\t-webkit-transition: -webkit-transform .3s; transition: transform .3s;\t\t}\t\t#bwg_container1_0 #bwg_container2_0 .bwg-container-0.bwg-mosaic-thumbnails .bwg-item0 img:hover {\t\t\t-ms-transform: scale(1.1);\t\t\t-webkit-transform: scale(1.1);\t\t\ttransform: scale(1.1);\t\t}\t\t      }\t      #bwg_container1_0 #bwg_container2_0 .bwg_mosaic_thumbnails_0 {        background-color: rgba(255, 255, 255, 0.00);        font-size: 0;        position: relative;        text-align: center;        display: inline-block;        visibility: hidden;              }\t  \/*image title styles*\/      #bwg_container1_0 #bwg_container2_0 .bwg_mosaic_title_spun1_0,      #bwg_container1_0 #bwg_container2_0 .bwg-mosaic-thumbnails .bwg_ecommerce_spun1_0 {        position: absolute;        display: block;        opacity: 0;        box-sizing: border-box;        text-align: center;\t\t\t\ttop: 50%;\t\t\t\tleft: 50%;\t\t\t\ttransform: translate(-50%, -50%);      }      #bwg_container1_0 #bwg_container2_0 .bwg-mosaic-thumbnails .bwg_mosaic_title_spun2_0,      #bwg_container1_0 #bwg_container2_0 .bwg-mosaic-thumbnails .bwg_ecommerce_spun2_0 {\t\t    color: #323A45;        font-family: Ubuntu;        font-size: 16px;        font-weight: bold;        text-shadow: 0px 0px 0px #888888;        vertical-align: middle;        word-wrap: break-word;      }            .bwg_mosaic_play_icon_spun_0 {        display: table;        position: absolute;        left: -10000px;        top: 0px;        opacity: 0;      }      .bwg_mosaic_play_icon_0 {        color: #323A45;        font-size: 32px;        vertical-align: middle;        display: table-cell !important;        z-index: 1;        text-align: center;        margin: 0 auto;      }      #bwg_container1_0 #bwg_container2_0 .bwg_gal_title_0 {        background-color: rgba(0, 0, 0, 0);        color: #323A45;        display: block;        font-family: Ubuntu;        font-size: 16px;        font-weight: bold;        padding: 2px;        text-shadow: ;        text-align: center;      }            @media screen and (max-width: 350px) {      div[class^=\"bwg_mosaic_thumbnails_\"],      span[class^=\"bwg_mosaic_thumb_spun_\"] {      width: 100% !important;      }      img[class^=\"bwg_mosaic_thumb_\"] {      width: 100% !important;      height: auto !important;      margin: 0px auto !important;      }      }      <\/style>    <div id=\"bwg_container1_0\"         class=\"bwg_container bwg_thumbnail bwg_thumbnails_mosaic \"         data-right-click-protection=\"0\"         data-bwg=\"0\"         data-scroll=\"0\"         data-gallery-type=\"thumbnails_mosaic\"         data-gallery-view-type=\"thumbnails_mosaic\"         data-current-url=\"\/index.php\/wp-json\/wp\/v2\/pages\/158\"         data-lightbox-url=\"https:\/\/www.msctyrlistek-vdf.cz\/prihlaseni\/admin-ajax.php?action=GalleryBox&#038;current_view=0&#038;gallery_id=12&#038;tag=0&#038;theme_id=4&#038;shortcode_id=28&#038;sort_by=order&#038;order_by=asc&#038;current_url=%2Findex.php%2Fwp-json%2Fwp%2Fv2%2Fpages%2F158\"         data-gallery-id=\"12\"         data-popup-width=\"800\"         data-popup-height=\"500\"         data-is-album=\"gallery\"         data-buttons-position=\"bottom\">      <div id=\"bwg_container2_0\">             <div id=\"ajax_loading_0\" class=\"bwg_loading_div_1\">      <div class=\"bwg_loading_div_2\">        <div class=\"bwg_loading_div_3\">          <div id=\"loading_div_0\" class=\"bwg_spider_ajax_loading\">          <\/div>        <\/div>      <\/div>    <\/div>            <form id=\"gal_front_form_0\"              class=\"bwg-hidden\"              method=\"post\"              action=\"#\"              data-current=\"0\"              data-shortcode-id=\"28\"              data-gallery-type=\"thumbnails_mosaic\"              data-gallery-id=\"12\"              data-tag=\"0\"              data-album-id=\"0\"              data-theme-id=\"4\"              data-ajax-url=\"https:\/\/www.msctyrlistek-vdf.cz\/prihlaseni\/admin-ajax.php?action=bwg_frontend_data\">          <div id=\"bwg_container3_0\" class=\"bwg-background bwg-background-0\">                <div id=\"bwg_mosaic_thumbnails_div_0\"         class=\"bwg-container-0 bwg-container bwg-mosaic-thumbnails\"         data-bwg=\"0\"         data-mosaic-direction=\"vertical\"         data-resizable=\"0\"         data-width=\"250\"         data-height=\"250\"         data-total-width=\"100\"         data-block-id=\"bwg_thumbnails_mosaic_0\"         data-thumb-padding=\"4\"         data-thumb-border=\"1\"         data-title-margin=\"2px\"         data-image-title=\"none\"         data-play-icon=\"1\"         data-ecommerce-icon=\"none\"         data-gallery-id=\"12\"         data-lightbox-url=\"https:\/\/www.msctyrlistek-vdf.cz\/prihlaseni\/admin-ajax.php?action=GalleryBox&#038;current_view=0&#038;gallery_id=12&#038;tag=0&#038;theme_id=4&#038;shortcode_id=28&#038;sort_by=order&#038;order_by=asc&#038;current_url=%2Findex.php%2Fwp-json%2Fwp%2Fv2%2Fpages%2F158\"         data-mosaic-thumb-transition=\"1\"         style=\"visibility: hidden\" >      <div id=\"bwg_thumbnails_mosaic_0\" class=\"bwg_mosaic_thumbnails_0\">                  <a  class=\"bwg-a bwg_lightbox bwg_lightbox_0\" href=\"https:\/\/www.msctyrlistek-vdf.cz\/wp-content\/uploads\/photo-gallery\/Galaxie\/picture_8815_26.jpg-1600x1200-materska-skolka-galaxie-er-varnsdorf.jpg?bwg=1739431180\" data-image-id=\"49\" data-elementor-open-lightbox=\"no\">          <div class=\"bwg_mosaic_thumb_spun_0 bwg-item0 bwg-mosaic-thumb-span \">            <img decoding=\"async\" class=\"bwg_mosaic_thumb_0 skip-lazy bwg_img_clear bwg_img_custom \"                 id=\"49\"                 src=\"https:\/\/www.msctyrlistek-vdf.cz\/wp-content\/uploads\/photo-gallery\/Galaxie\/thumb\/picture_8815_26.jpg-1600x1200-materska-skolka-galaxie-er-varnsdorf.jpg?bwg=1739431180\"                 data-src=\"https:\/\/www.msctyrlistek-vdf.cz\/wp-content\/uploads\/photo-gallery\/Galaxie\/thumb\/picture_8815_26.jpg-1600x1200-materska-skolka-galaxie-er-varnsdorf.jpg?bwg=1739431180\"                 data-width=\"500.00\"                 data-height=\"333.00\"                 alt=\"picture 8815 26.jpg-1600x1200-materska-skolka-galaxie-er-varnsdorf\"                 title=\"picture 8815 26.jpg-1600x1200-materska-skolka-galaxie-er-varnsdorf\" \/>                      <\/div>        <\/a>                <a  class=\"bwg-a bwg_lightbox bwg_lightbox_0\" href=\"https:\/\/www.msctyrlistek-vdf.cz\/wp-content\/uploads\/photo-gallery\/Galaxie\/picture_8815_31.jpg-1600x1200-materska-skolka-galaxie-er-varnsdorf.jpg?bwg=1725553248\" data-image-id=\"50\" data-elementor-open-lightbox=\"no\">          <div class=\"bwg_mosaic_thumb_spun_0 bwg-item0 bwg-mosaic-thumb-span \">            <img decoding=\"async\" class=\"bwg_mosaic_thumb_0 skip-lazy bwg_img_clear bwg_img_custom \"                 id=\"50\"                 src=\"https:\/\/www.msctyrlistek-vdf.cz\/wp-content\/uploads\/photo-gallery\/Galaxie\/thumb\/picture_8815_31.jpg-1600x1200-materska-skolka-galaxie-er-varnsdorf.jpg?bwg=1725553248\"                 data-src=\"https:\/\/www.msctyrlistek-vdf.cz\/wp-content\/uploads\/photo-gallery\/Galaxie\/thumb\/picture_8815_31.jpg-1600x1200-materska-skolka-galaxie-er-varnsdorf.jpg?bwg=1725553248\"                 data-width=\"500.00\"                 data-height=\"333.00\"                 alt=\"picture 8815 31.jpg-1600x1200-materska-skolka-galaxie-er-varnsdorf\"                 title=\"picture 8815 31.jpg-1600x1200-materska-skolka-galaxie-er-varnsdorf\" \/>                      <\/div>        <\/a>                <a  class=\"bwg-a bwg_lightbox bwg_lightbox_0\" href=\"https:\/\/www.msctyrlistek-vdf.cz\/wp-content\/uploads\/photo-gallery\/Galaxie\/picture_8815_36.jpg-1600x1200-materska-skolka-galaxie-er-varnsdorf.jpg?bwg=1725553248\" data-image-id=\"51\" data-elementor-open-lightbox=\"no\">          <div class=\"bwg_mosaic_thumb_spun_0 bwg-item0 bwg-mosaic-thumb-span \">            <img decoding=\"async\" class=\"bwg_mosaic_thumb_0 skip-lazy bwg_img_clear bwg_img_custom \"                 id=\"51\"                 src=\"https:\/\/www.msctyrlistek-vdf.cz\/wp-content\/uploads\/photo-gallery\/Galaxie\/thumb\/picture_8815_36.jpg-1600x1200-materska-skolka-galaxie-er-varnsdorf.jpg?bwg=1725553248\"                 data-src=\"https:\/\/www.msctyrlistek-vdf.cz\/wp-content\/uploads\/photo-gallery\/Galaxie\/thumb\/picture_8815_36.jpg-1600x1200-materska-skolka-galaxie-er-varnsdorf.jpg?bwg=1725553248\"                 data-width=\"500.00\"                 data-height=\"333.00\"                 alt=\"picture 8815 36.jpg-1600x1200-materska-skolka-galaxie-er-varnsdorf\"                 title=\"picture 8815 36.jpg-1600x1200-materska-skolka-galaxie-er-varnsdorf\" \/>                      <\/div>        <\/a>                <a  class=\"bwg-a bwg_lightbox bwg_lightbox_0\" href=\"https:\/\/www.msctyrlistek-vdf.cz\/wp-content\/uploads\/photo-gallery\/Galaxie\/picture_8815_15.jpg-1600x1200-materska-skolka-galaxie-er-varnsdorf.jpg?bwg=1725553248\" data-image-id=\"52\" data-elementor-open-lightbox=\"no\">          <div class=\"bwg_mosaic_thumb_spun_0 bwg-item0 bwg-mosaic-thumb-span \">            <img decoding=\"async\" class=\"bwg_mosaic_thumb_0 skip-lazy bwg_img_clear bwg_img_custom \"                 id=\"52\"                 src=\"https:\/\/www.msctyrlistek-vdf.cz\/wp-content\/uploads\/photo-gallery\/Galaxie\/thumb\/picture_8815_15.jpg-1600x1200-materska-skolka-galaxie-er-varnsdorf.jpg?bwg=1725553248\"                 data-src=\"https:\/\/www.msctyrlistek-vdf.cz\/wp-content\/uploads\/photo-gallery\/Galaxie\/thumb\/picture_8815_15.jpg-1600x1200-materska-skolka-galaxie-er-varnsdorf.jpg?bwg=1725553248\"                 data-width=\"333.00\"                 data-height=\"500.00\"                 alt=\"picture 8815 15.jpg-1600x1200-materska-skolka-galaxie-er-varnsdorf\"                 title=\"picture 8815 15.jpg-1600x1200-materska-skolka-galaxie-er-varnsdorf\" \/>                      <\/div>        <\/a>                <a  class=\"bwg-a bwg_lightbox bwg_lightbox_0\" href=\"https:\/\/www.msctyrlistek-vdf.cz\/wp-content\/uploads\/photo-gallery\/Galaxie\/picture_8815_10.jpg-1600x1200-materska-skolka-galaxie-er-varnsdorf.jpg?bwg=1725553248\" data-image-id=\"53\" data-elementor-open-lightbox=\"no\">          <div class=\"bwg_mosaic_thumb_spun_0 bwg-item0 bwg-mosaic-thumb-span \">            <img decoding=\"async\" class=\"bwg_mosaic_thumb_0 skip-lazy bwg_img_clear bwg_img_custom \"                 id=\"53\"                 src=\"https:\/\/www.msctyrlistek-vdf.cz\/wp-content\/uploads\/photo-gallery\/Galaxie\/thumb\/picture_8815_10.jpg-1600x1200-materska-skolka-galaxie-er-varnsdorf.jpg?bwg=1725553248\"                 data-src=\"https:\/\/www.msctyrlistek-vdf.cz\/wp-content\/uploads\/photo-gallery\/Galaxie\/thumb\/picture_8815_10.jpg-1600x1200-materska-skolka-galaxie-er-varnsdorf.jpg?bwg=1725553248\"                 data-width=\"500.00\"                 data-height=\"402.00\"                 alt=\"picture 8815 10.jpg-1600x1200-materska-skolka-galaxie-er-varnsdorf\"                 title=\"picture 8815 10.jpg-1600x1200-materska-skolka-galaxie-er-varnsdorf\" \/>                      <\/div>        <\/a>                <a  class=\"bwg-a bwg_lightbox bwg_lightbox_0\" href=\"https:\/\/www.msctyrlistek-vdf.cz\/wp-content\/uploads\/photo-gallery\/Galaxie\/picture_8815_13.jpg-1600x1200-materska-skolka-galaxie-er-varnsdorf.jpg?bwg=1725553248\" data-image-id=\"54\" data-elementor-open-lightbox=\"no\">          <div class=\"bwg_mosaic_thumb_spun_0 bwg-item0 bwg-mosaic-thumb-span \">            <img decoding=\"async\" class=\"bwg_mosaic_thumb_0 skip-lazy bwg_img_clear bwg_img_custom \"                 id=\"54\"                 src=\"https:\/\/www.msctyrlistek-vdf.cz\/wp-content\/uploads\/photo-gallery\/Galaxie\/thumb\/picture_8815_13.jpg-1600x1200-materska-skolka-galaxie-er-varnsdorf.jpg?bwg=1725553248\"                 data-src=\"https:\/\/www.msctyrlistek-vdf.cz\/wp-content\/uploads\/photo-gallery\/Galaxie\/thumb\/picture_8815_13.jpg-1600x1200-materska-skolka-galaxie-er-varnsdorf.jpg?bwg=1725553248\"                 data-width=\"500.00\"                 data-height=\"333.00\"                 alt=\"picture 8815 13.jpg-1600x1200-materska-skolka-galaxie-er-varnsdorf\"                 title=\"picture 8815 13.jpg-1600x1200-materska-skolka-galaxie-er-varnsdorf\" \/>                      <\/div>        <\/a>            <\/div>    <\/div>    <style>      \/*pagination styles*\/      #bwg_container1_0 #bwg_container2_0 .tablenav-pages_0 {\t\t\t\ttext-align: center;\t\t\t\tfont-size: 12px;\t\t\t\tfont-family: Ubuntu;\t\t\t\tfont-weight: bold;\t\t\t\tcolor: #666666;\t\t\t\tmargin: 6px 0 4px;\t\t\t\tdisplay: block;      }      @media only screen and (max-width : 320px) {      #bwg_container1_0 #bwg_container2_0 .displaying-num_0 {     \t display: none;      }      }      #bwg_container1_0 #bwg_container2_0 .displaying-num_0 {\t\t\t\tfont-size: 12px;\t\t\t\tfont-family: Ubuntu;\t\t\t\tfont-weight: bold;\t\t\t\tcolor: #666666;\t\t\t\tmargin-right: 10px;\t\t\t\tvertical-align: middle;      }      #bwg_container1_0 #bwg_container2_0 .paging-input_0 {\t\t\t\tfont-size: 12px;\t\t\t\tfont-family: Ubuntu;\t\t\t\tfont-weight: bold;\t\t\t\tcolor: #666666;\t\t\t\tvertical-align: middle;      }      #bwg_container1_0 #bwg_container2_0 .tablenav-pages_0 a.disabled,      #bwg_container1_0 #bwg_container2_0 .tablenav-pages_0 a.disabled:hover,      #bwg_container1_0 #bwg_container2_0 .tablenav-pages_0 a.disabled:focus,\t\t\t#bwg_container1_0 #bwg_container2_0 .tablenav-pages_0 input.bwg_current_page {\t\t\t\tcursor: default;\t\t\t\tcolor: rgba(102, 102, 102, 0.5);      }      #bwg_container1_0 #bwg_container2_0 .tablenav-pages_0 a,      #bwg_container1_0 #bwg_container2_0 .tablenav-pages_0 input.bwg_current_page {\t\t\t\tcursor: pointer;\t\t\t\ttext-align: center;\t\t\t\tfont-size: 12px;\t\t\t\tfont-family: Ubuntu;\t\t\t\tfont-weight: bold;\t\t\t\tcolor: #666666;\t\t\t\ttext-decoration: none;\t\t\t\tpadding: 3px 6px;\t\t\t\tmargin: 0;\t\t\t\tborder-radius: 0;\t\t\t\tborder-style: none;\t\t\t\tborder-width: 1px;\t\t\t\tborder-color: #E3E3E3;\t\t\t\t\t\t\t\tbackground-color: rgba(252, 252, 252, 1.00);\t\t\t\tbox-shadow: 0;\t\t\t\ttransition: all 0.3s ease 0s;-webkit-transition: all 0.3s ease 0s;      }      <\/style>      <span class=\"bwg_nav_cont_0\">              <div class=\"tablenav-pages_0\">                  <\/div>                <input type=\"hidden\" id=\"page_number_0\" name=\"page_number_0\" value=\"1\" \/>      <script type=\"text\/javascript\">        if( jQuery('.bwg_nav_cont_0').length > 1 ) {          jQuery('.bwg_nav_cont_0').first().remove()        }        function spider_page_0(cur, x, y, load_more) {          if (typeof load_more == \"undefined\") {            var load_more = false;          }          if (jQuery(cur).hasClass('disabled')) {            return false;          }          var items_county_0 = 1;          switch (y) {            case 1:              if (x >= items_county_0) {                document.getElementById('page_number_0').value = items_county_0;              }              else {                document.getElementById('page_number_0').value = x + 1;              }              break;            case 2:              document.getElementById('page_number_0').value = items_county_0;              break;            case -1:              if (x == 1) {                document.getElementById('page_number_0').value = 1;              }              else {                document.getElementById('page_number_0').value = x - 1;              }              break;            case -2:              document.getElementById('page_number_0').value = 1;              break;\t\t\t\t\t\tcase 0:              document.getElementById('page_number_0').value = x;              break;            default:              document.getElementById('page_number_0').value = 1;          }          bwg_ajax('gal_front_form_0', '0', 'bwg_thumbnails_mosaic_0', '0', '', 'gallery', 0, '', '', load_more, '', 1);        }                    jQuery('.first-page-0').on('click', function () {              spider_page_0(this, 1, -2, 'numeric');              return false;            });            jQuery('.prev-page-0').on('click', function () {              spider_page_0(this, 1, -1, 'numeric');              return false;            });            jQuery('.next-page-0').on('click', function () {              spider_page_0(this, 1, 1, 'numeric');              return false;            });            jQuery('.last-page-0').on('click', function () {              spider_page_0(this, 1, 2, 'numeric');              return false;            });        \t\t\t\t\/* Change page on input enter. *\/        function bwg_change_page_0( e, that ) {          if (  e.key == 'Enter' ) {            var to_page = parseInt(jQuery(that).val());            var pages_count = jQuery(that).parents(\".pagination-links\").data(\"pages-count\");            var current_url_param = jQuery(that).attr('data-url-info');            if (to_page > pages_count) {              to_page = 1;            }\t \t\t\t\t\t\t\t\t\t\t\t\tspider_page_0(this, to_page, 0, 'numeric');\t\t\t\t\t\t\treturn false;\t\t\t\t\t\t          }          return true;        }        jQuery('.bwg_load_btn_0').on('click', function () {            spider_page_0(this, 1, 1, true);            return false;        });      <\/script>      <\/span>                <\/div>        <\/form>        <style>          #bwg_container1_0 #bwg_container2_0 #spider_popup_overlay_0 {          background-color: #000000;          opacity: 0.70;          }          <\/style>        <div id=\"bwg_spider_popup_loading_0\" class=\"bwg_spider_popup_loading\"><\/div>        <div id=\"spider_popup_overlay_0\" class=\"spider_popup_overlay\" onclick=\"spider_destroypopup(1000)\"><\/div>        <input type=\"hidden\" id=\"bwg_random_seed_0\" value=\"399158296\">                <\/div>    <\/div>    <script>      if (document.readyState === 'complete') {        if( typeof bwg_main_ready == 'function' ) {          if ( jQuery(\"#bwg_container1_0\").height() ) {            bwg_main_ready(jQuery(\"#bwg_container1_0\"));          }        }      } else {        document.addEventListener('DOMContentLoaded', function() {          if( typeof bwg_main_ready == 'function' ) {            if ( jQuery(\"#bwg_container1_0\").height() ) {             bwg_main_ready(jQuery(\"#bwg_container1_0\"));            }          }        });      }    <\/script>    \n","protected":false},"excerpt":{"rendered":"<p>Galaxie eR se nach\u00e1z\u00ed v\u00a0\u017e\u00e1dan\u00e9 lokalit\u011b pobl\u00ed\u017e plaveck\u00e9ho baz\u00e9nu, sportovn\u00ed haly a autobusov\u00e9 zast\u00e1vky. Exteri\u00e9r \u0161koly pout\u00e1 pozornost nad\u010dasov\u00fdm \u201ekosmick\u00fdm\u201c vzhledem elipsovit\u00e9ho galaktick\u00e9ho tvaru a vnit\u0159ek nab\u00edz\u00ed interier v&nbsp;supermodern\u00edm h\u00e1vu s&nbsp;ve\u0161ker\u00fdm technick\u00fdm z\u00e1zem\u00edm i vybaven\u00edm. Budova se d\u011bl\u00ed na dv\u011b sob\u011bsta\u010dn\u00e1 prosklen\u00e1 k\u0159\u00eddla s\u00a0v\u00fdhledem na vnit\u0159n\u00ed ambit a st\u0159ed umocn\u011bn\u00fdm zatravn\u011bn\u00fdm povrchem s\u00a0v\u00fdsadbou japonsk\u00fdch sakur. &#8230; <a title=\"Galaxie eR\" class=\"read-more\" href=\"https:\/\/www.msctyrlistek-vdf.cz\/index.php\/galaxie-er\/\" aria-label=\"\u010c\u00edst v\u00edce o Galaxie eR\">\u010c\u00edst d\u00e1l<\/a><\/p>\n","protected":false},"author":1,"featured_media":0,"parent":0,"menu_order":0,"comment_status":"closed","ping_status":"closed","template":"","meta":{"footnotes":""},"categories":[],"tags":[],"class_list":["post-158","page","type-page","status-publish"],"_links":{"self":[{"href":"https:\/\/www.msctyrlistek-vdf.cz\/index.php\/wp-json\/wp\/v2\/pages\/158","targetHints":{"allow":["GET"]}}],"collection":[{"href":"https:\/\/www.msctyrlistek-vdf.cz\/index.php\/wp-json\/wp\/v2\/pages"}],"about":[{"href":"https:\/\/www.msctyrlistek-vdf.cz\/index.php\/wp-json\/wp\/v2\/types\/page"}],"author":[{"embeddable":true,"href":"https:\/\/www.msctyrlistek-vdf.cz\/index.php\/wp-json\/wp\/v2\/users\/1"}],"replies":[{"embeddable":true,"href":"https:\/\/www.msctyrlistek-vdf.cz\/index.php\/wp-json\/wp\/v2\/comments?post=158"}],"version-history":[{"count":21,"href":"https:\/\/www.msctyrlistek-vdf.cz\/index.php\/wp-json\/wp\/v2\/pages\/158\/revisions"}],"predecessor-version":[{"id":840,"href":"https:\/\/www.msctyrlistek-vdf.cz\/index.php\/wp-json\/wp\/v2\/pages\/158\/revisions\/840"}],"wp:attachment":[{"href":"https:\/\/www.msctyrlistek-vdf.cz\/index.php\/wp-json\/wp\/v2\/media?parent=158"}],"wp:term":[{"taxonomy":"category","embeddable":true,"href":"https:\/\/www.msctyrlistek-vdf.cz\/index.php\/wp-json\/wp\/v2\/categories?post=158"},{"taxonomy":"post_tag","embeddable":true,"href":"https:\/\/www.msctyrlistek-vdf.cz\/index.php\/wp-json\/wp\/v2\/tags?post=158"}],"curies":[{"name":"wp","href":"https:\/\/api.w.org\/{rel}","templated":true}]}}