{"id":155,"date":"2024-08-26T18:54:05","date_gmt":"2024-08-26T16:54:05","guid":{"rendered":"https:\/\/www.msctyrlistek-vdf.cz\/?page_id=155"},"modified":"2025-04-23T18:58:38","modified_gmt":"2025-04-23T16:58:38","slug":"ctyrlistek","status":"publish","type":"page","link":"https:\/\/www.msctyrlistek-vdf.cz\/index.php\/ctyrlistek\/","title":{"rendered":"\u010cty\u0159l\u00edstek"},"content":{"rendered":"<div class=\"wp-block-image\">\n<figure class=\"alignleft size-full\"><img loading=\"lazy\" decoding=\"async\" width=\"100\" height=\"100\" src=\"https:\/\/www.msctyrlistek-vdf.cz\/wp-content\/uploads\/2024\/09\/4listek.png\" alt=\"\" class=\"wp-image-534\"\/><\/figure><\/div>\n\n\n<p>Tato \u0161kolka se nach\u00e1z\u00ed na okraji m\u011bsta nedaleko vlakov\u00e9ho n\u00e1dra\u017e\u00ed i autobusov\u00e9 zast\u00e1vky. Are\u00e1l \u0161koly je usazen do velkorys\u00e9ho zahradn\u00edho prostoru a je prezentov\u00e1n \u010dty\u0159mi budovami (vila a t\u0159i pavilony). Dva pavilony slou\u017e\u00ed pro pobyt d\u011bt\u00ed a zb\u00fdvaj\u00edc\u00ed je pomocnou pobo\u010dkou hlavn\u00ed kuchyn\u011b v&nbsp;<a href=\"https:\/\/www.msctyrlistek-vdf.cz\/index.php\/galaxie-er\/\" data-type=\"page\" data-id=\"158\">Galaxii eR<\/a>.<\/p>\n\n\n\n<p>P\u0159i hlavn\u00edm vstupu do \u0161koln\u00ed zahrady se malebn\u011b mezi stromy rozkl\u00e1d\u00e1 budova zvan\u00e1 vila, kter\u00e1 m\u00e1 bezbari\u00e9rov\u00fd p\u0159\u00edstup a je pln\u011b vyu\u017eita d\u011btmi se speci\u00e1ln\u00edmi vzd\u011bl\u00e1vac\u00edmi pot\u0159ebami s&nbsp;kapacitou 24 d\u011bt\u00ed. Dv\u011b <a href=\"https:\/\/www.msctyrlistek-vdf.cz\/index.php\/ctyrlistek\/trida-pro-deti-s-autismem\/\" data-type=\"page\" data-id=\"236\">t\u0159\u00eddy PAS<\/a> (pro d\u011bti s&nbsp;autistick\u00fdm spektrem) a dv\u011b <a href=\"https:\/\/www.msctyrlistek-vdf.cz\/index.php\/ctyrlistek\/trida-pro-deti-se-soubeznym-postizenim-vice-vadami\/\" data-type=\"page\" data-id=\"227\">t\u0159\u00eddy pro d\u011bti s&nbsp;v\u00edce vadami<\/a>.<\/p>\n\n\n\n<p>V&nbsp;pavilonech nalezneme <a href=\"https:\/\/www.msctyrlistek-vdf.cz\/index.php\/ctyrlistek\/trida-se-zavaznymi-vadami-reci\/\" data-type=\"page\" data-id=\"234\">t\u0159\u00eddu pro d\u011bti se z\u00e1va\u017en\u00fdmi poruchami \u0159e\u010di<\/a> a b\u011b\u017enou <a href=\"https:\/\/www.msctyrlistek-vdf.cz\/index.php\/ctyrlistek\/snecci\/\" data-type=\"page\" data-id=\"238\">t\u0159\u00eddu \u0160ne\u010dk\u016f<\/a> pro d\u011bti mlad\u0161\u00edho \u0161koln\u00edho v\u011bku. I v&nbsp;t\u011bchto t\u0159\u00edd\u00e1ch pracuje kvalifikovan\u00fd person\u00e1l s&nbsp;pedagogick\u00fdm asistentem. Pr\u00e1ce zde je zalo\u017eena na b\u00e1zi individu\u00e1ln\u00edho p\u0159\u00edstupu k&nbsp;d\u00edt\u011bti se speci\u00e1ln\u00edm vzd\u011bl\u00e1vac\u00edm a v\u00fdchovn\u00fdm pl\u00e1nem.<\/p>\n\n\n\n<p>D\u011bti ze v\u0161ech t\u0159\u00edd maj\u00ed mo\u017enost vyu\u017eit\u00ed modern\u011b pojat\u00e9 zahrady, ale i mo\u017enost zlep\u0161ovat sv\u016fj celkov\u00fd zdravotn\u00ed stav pravideln\u00fdm pobytem v&nbsp;hyperbarick\u00e9 komo\u0159e nebo relaxa\u010dn\u00edmi chvilkami v modern\u011b vybaven\u00e9m snoezelenu. Oboj\u00ed je sou\u010d\u00e1st\u00ed vily. I tyto d\u011bti nav\u0161t\u011bvuj\u00ed plaveck\u00fd baz\u00e9n, p\u0159edstaven\u00ed a koncerty v&nbsp;kulturn\u00edch za\u0159\u00edzen\u00edch a z\u00fa\u010dast\u0148uj\u00ed se r\u016fzn\u00fdch aktivit \u2013 nap\u0159. pravideln\u00e1 canisterapie, muzikoterapie, relaxa\u010dn\u00ed mas\u00e1\u017ee, v\u00fdlety, karnevaly, oslavy aj.<\/p>\n\n\n\n<div class=\"wp-block-columns columns-4 has-base-3-color has-text-color has-link-color wp-elements-6c630a2cc146e47c6a47c8b1d062e1bb is-layout-flex wp-container-core-columns-is-layout-9d6595d7 wp-block-columns-is-layout-flex\">\n<div class=\"wp-block-column is-layout-flow wp-block-column-is-layout-flow\">\n<div class=\"wp-block-cover has-custom-content-position is-position-top-center wp-duotone-unset-1\"><span aria-hidden=\"true\" class=\"wp-block-cover__background has-background-dim-100 has-background-dim has-background-gradient\" style=\"background:linear-gradient(180deg,rgb(253,151,14) 0%,rgb(252,64,68) 100%)\"><\/span><div class=\"wp-block-cover__inner-container is-layout-constrained wp-block-cover-is-layout-constrained\">\n<p class=\"has-text-align-left block-header\" style=\"font-style:normal;font-weight:700\"><a href=\"https:\/\/www.msctyrlistek-vdf.cz\/index.php\/trida-pro-deti-se-soubeznym-postizenim-vice-vadami\/\" data-type=\"page\" data-id=\"227\">T\u0159\u00edda pro d\u011bti se soub\u011b\u017en\u00fdm posti\u017een\u00edm v\u00edce vadami<\/a><\/p>\n<\/div><\/div>\n<\/div>\n\n\n\n<div class=\"wp-block-column is-layout-flow wp-block-column-is-layout-flow\">\n<div class=\"wp-block-cover has-custom-content-position is-position-top-center\"><span aria-hidden=\"true\" class=\"wp-block-cover__background has-background-dim-100 has-background-dim has-background-gradient\" style=\"background:linear-gradient(0deg,rgb(161,11,97) 0%,rgb(249,62,71) 100%)\"><\/span><div class=\"wp-block-cover__inner-container is-layout-constrained wp-block-cover-is-layout-constrained\">\n<p class=\"has-text-align-left block-header\" style=\"font-style:normal;font-weight:700\"><a href=\"https:\/\/www.msctyrlistek-vdf.cz\/index.php\/trida-se-zavaznymi-vadami-reci\/\" data-type=\"page\" data-id=\"234\">T\u0159\u00edda se z\u00e1va\u017en\u00fdmi vadami \u0159e\u010di<\/a><\/p>\n<\/div><\/div>\n<\/div>\n\n\n\n<div class=\"wp-block-column is-layout-flow wp-block-column-is-layout-flow\">\n<div class=\"wp-block-cover has-custom-content-position is-position-top-center\"><span aria-hidden=\"true\" class=\"wp-block-cover__background has-background-dim-100 has-background-dim has-background-gradient\" style=\"background:linear-gradient(180deg,rgb(20,179,238) 0%,rgb(35,88,170) 100%)\"><\/span><div class=\"wp-block-cover__inner-container is-layout-constrained wp-block-cover-is-layout-constrained\">\n<p class=\"has-text-align-left block-header\" style=\"font-style:normal;font-weight:700\"><a href=\"https:\/\/www.msctyrlistek-vdf.cz\/index.php\/trida-pro-deti-s-autismem\/\" data-type=\"page\" data-id=\"236\">T\u0159\u00edda pro d\u011bti s&nbsp;autismem<\/a><\/p>\n<\/div><\/div>\n<\/div>\n\n\n\n<div class=\"wp-block-column is-layout-flow wp-block-column-is-layout-flow\">\n<div class=\"wp-block-cover has-custom-content-position is-position-top-center\"><span aria-hidden=\"true\" class=\"wp-block-cover__background has-background-dim-100 has-background-dim has-background-gradient\" style=\"background:linear-gradient(180deg,rgb(166,215,71) 0%,rgb(14,110,59) 100%)\"><\/span><div class=\"wp-block-cover__inner-container is-layout-constrained wp-block-cover-is-layout-constrained\">\n<p class=\"has-text-align-left block-header\" style=\"font-style:normal;font-weight:700\"><a href=\"https:\/\/www.msctyrlistek-vdf.cz\/index.php\/snecci\/\" data-type=\"page\" data-id=\"238\">\u0160ne\u010dci<\/a><\/p>\n<\/div><\/div>\n<\/div>\n<\/div>\n\n\n\n<style id=\"bwg-style-0\">      #bwg_container1_0 #bwg_container2_0 #bwg_mosaic_thumbnails_div_0 {        width: 100%;        position: relative;        background-color: rgba(255, 255, 255, 0.00);        text-align: center;        justify-content: center;                  margin-left: auto;          margin-right: auto;                    padding-left: 4px;          padding-top: 4px;                }          #bwg_container1_0 #bwg_container2_0 .bwg_mosaic_thumb_spun_0 {        display: block;        position: absolute;\t\t\t\tborder-radius: 2px;\t\t\t\tborder: 1px none #CC0000;    \t\t    \t\tbackground-color:rgba(0,0,0, 0.30);        -moz-box-sizing: content-box !important;        -webkit-box-sizing: content-box !important;        box-sizing: content-box !important;      }\t\t\t#bwg_container1_0 #bwg_container2_0 .bwg_mosaic_thumb_0 {\t\t\t\tdisplay: block;\t\t\t\t-moz-box-sizing: content-box !important;\t\t\t\t-webkit-box-sizing: content-box !important;\t\t\t\tbox-sizing: content-box !important;\t\t\t\tmargin: 0;\t\t\t\topacity: 1.00;\t\t\t}      #bwg_container1_0 #bwg_container2_0 .bwg_mosaic_thumb_spun_0:hover {        opacity: 1;        backface-visibility: hidden;        -webkit-backface-visibility: hidden;        -moz-backface-visibility: hidden;        -ms-backface-visibility: hidden;        z-index: 102;      }\t     @media only screen and (min-width: 480px) {\t\t#bwg_container1_0 #bwg_container2_0 .bwg-container-0.bwg-mosaic-thumbnails .bwg-item0 img {\t\t\t-webkit-transition: -webkit-transform .3s; transition: transform .3s;\t\t}\t\t#bwg_container1_0 #bwg_container2_0 .bwg-container-0.bwg-mosaic-thumbnails .bwg-item0 img:hover {\t\t\t-ms-transform: scale(1.1);\t\t\t-webkit-transform: scale(1.1);\t\t\ttransform: scale(1.1);\t\t}\t\t      }\t      #bwg_container1_0 #bwg_container2_0 .bwg_mosaic_thumbnails_0 {        background-color: rgba(255, 255, 255, 0.00);        font-size: 0;        position: relative;        text-align: center;        display: inline-block;        visibility: hidden;              }\t  \/*image title styles*\/      #bwg_container1_0 #bwg_container2_0 .bwg_mosaic_title_spun1_0,      #bwg_container1_0 #bwg_container2_0 .bwg-mosaic-thumbnails .bwg_ecommerce_spun1_0 {        position: absolute;        display: block;        opacity: 0;        box-sizing: border-box;        text-align: center;\t\t\t\ttop: 50%;\t\t\t\tleft: 50%;\t\t\t\ttransform: translate(-50%, -50%);      }      #bwg_container1_0 #bwg_container2_0 .bwg-mosaic-thumbnails .bwg_mosaic_title_spun2_0,      #bwg_container1_0 #bwg_container2_0 .bwg-mosaic-thumbnails .bwg_ecommerce_spun2_0 {\t\t    color: #323A45;        font-family: Ubuntu;        font-size: 16px;        font-weight: bold;        text-shadow: 0px 0px 0px #888888;        vertical-align: middle;        word-wrap: break-word;      }            .bwg_mosaic_play_icon_spun_0 {        display: table;        position: absolute;        left: -10000px;        top: 0px;        opacity: 0;      }      .bwg_mosaic_play_icon_0 {        color: #323A45;        font-size: 32px;        vertical-align: middle;        display: table-cell !important;        z-index: 1;        text-align: center;        margin: 0 auto;      }      #bwg_container1_0 #bwg_container2_0 .bwg_gal_title_0 {        background-color: rgba(0, 0, 0, 0);        color: #323A45;        display: block;        font-family: Ubuntu;        font-size: 16px;        font-weight: bold;        padding: 2px;        text-shadow: ;        text-align: center;      }            @media screen and (max-width: 350px) {      div[class^=\"bwg_mosaic_thumbnails_\"],      span[class^=\"bwg_mosaic_thumb_spun_\"] {      width: 100% !important;      }      img[class^=\"bwg_mosaic_thumb_\"] {      width: 100% !important;      height: auto !important;      margin: 0px auto !important;      }      }      <\/style>    <div id=\"bwg_container1_0\"         class=\"bwg_container bwg_thumbnail bwg_thumbnails_mosaic \"         data-right-click-protection=\"0\"         data-bwg=\"0\"         data-scroll=\"0\"         data-gallery-type=\"thumbnails_mosaic\"         data-gallery-view-type=\"thumbnails_mosaic\"         data-current-url=\"\/index.php\/wp-json\/wp\/v2\/pages\/155\"         data-lightbox-url=\"https:\/\/www.msctyrlistek-vdf.cz\/prihlaseni\/admin-ajax.php?action=GalleryBox&#038;current_view=0&#038;gallery_id=128&#038;tag=0&#038;theme_id=4&#038;shortcode_id=161&#038;sort_by=order&#038;order_by=asc&#038;current_url=%2Findex.php%2Fwp-json%2Fwp%2Fv2%2Fpages%2F155\"         data-gallery-id=\"128\"         data-popup-width=\"800\"         data-popup-height=\"500\"         data-is-album=\"gallery\"         data-buttons-position=\"bottom\">      <div id=\"bwg_container2_0\">             <div id=\"ajax_loading_0\" class=\"bwg_loading_div_1\">      <div class=\"bwg_loading_div_2\">        <div class=\"bwg_loading_div_3\">          <div id=\"loading_div_0\" class=\"bwg_spider_ajax_loading\">          <\/div>        <\/div>      <\/div>    <\/div>            <form id=\"gal_front_form_0\"              class=\"bwg-hidden\"              method=\"post\"              action=\"#\"              data-current=\"0\"              data-shortcode-id=\"161\"              data-gallery-type=\"thumbnails_mosaic\"              data-gallery-id=\"128\"              data-tag=\"0\"              data-album-id=\"0\"              data-theme-id=\"4\"              data-ajax-url=\"https:\/\/www.msctyrlistek-vdf.cz\/prihlaseni\/admin-ajax.php?action=bwg_frontend_data\">          <div id=\"bwg_container3_0\" class=\"bwg-background bwg-background-0\">                <div id=\"bwg_mosaic_thumbnails_div_0\"         class=\"bwg-container-0 bwg-container bwg-mosaic-thumbnails\"         data-bwg=\"0\"         data-mosaic-direction=\"vertical\"         data-resizable=\"0\"         data-width=\"250\"         data-height=\"250\"         data-total-width=\"100\"         data-block-id=\"bwg_thumbnails_mosaic_0\"         data-thumb-padding=\"4\"         data-thumb-border=\"1\"         data-title-margin=\"2px\"         data-image-title=\"none\"         data-play-icon=\"1\"         data-ecommerce-icon=\"none\"         data-gallery-id=\"128\"         data-lightbox-url=\"https:\/\/www.msctyrlistek-vdf.cz\/prihlaseni\/admin-ajax.php?action=GalleryBox&#038;current_view=0&#038;gallery_id=128&#038;tag=0&#038;theme_id=4&#038;shortcode_id=161&#038;sort_by=order&#038;order_by=asc&#038;current_url=%2Findex.php%2Fwp-json%2Fwp%2Fv2%2Fpages%2F155\"         data-mosaic-thumb-transition=\"1\"         style=\"visibility: hidden\" >      <div id=\"bwg_thumbnails_mosaic_0\" class=\"bwg_mosaic_thumbnails_0\">                  <a  class=\"bwg-a bwg_lightbox bwg_lightbox_0\" href=\"https:\/\/www.msctyrlistek-vdf.cz\/wp-content\/uploads\/photo-gallery\/Ctyrlistek\/DSC4302.jpg?bwg=1745427445\" data-image-id=\"833\" data-elementor-open-lightbox=\"no\">          <div class=\"bwg_mosaic_thumb_spun_0 bwg-item0 bwg-mosaic-thumb-span \">            <img decoding=\"async\" class=\"bwg_mosaic_thumb_0 skip-lazy bwg_img_clear bwg_img_custom \"                 id=\"833\"                 src=\"https:\/\/www.msctyrlistek-vdf.cz\/wp-content\/uploads\/photo-gallery\/Ctyrlistek\/thumb\/DSC4302.jpg?bwg=1745427445\"                 data-src=\"https:\/\/www.msctyrlistek-vdf.cz\/wp-content\/uploads\/photo-gallery\/Ctyrlistek\/thumb\/DSC4302.jpg?bwg=1745427445\"                 data-width=\"500.00\"                 data-height=\"334.00\"                 alt=\"DSC4302\"                 title=\"DSC4302\" \/>                      <\/div>        <\/a>                <a  class=\"bwg-a bwg_lightbox bwg_lightbox_0\" href=\"https:\/\/www.msctyrlistek-vdf.cz\/wp-content\/uploads\/photo-gallery\/Ctyrlistek\/DSC4307.jpg?bwg=1745427445\" data-image-id=\"834\" data-elementor-open-lightbox=\"no\">          <div class=\"bwg_mosaic_thumb_spun_0 bwg-item0 bwg-mosaic-thumb-span \">            <img decoding=\"async\" class=\"bwg_mosaic_thumb_0 skip-lazy bwg_img_clear bwg_img_custom \"                 id=\"834\"                 src=\"https:\/\/www.msctyrlistek-vdf.cz\/wp-content\/uploads\/photo-gallery\/Ctyrlistek\/thumb\/DSC4307.jpg?bwg=1745427445\"                 data-src=\"https:\/\/www.msctyrlistek-vdf.cz\/wp-content\/uploads\/photo-gallery\/Ctyrlistek\/thumb\/DSC4307.jpg?bwg=1745427445\"                 data-width=\"500.00\"                 data-height=\"334.00\"                 alt=\"DSC4307\"                 title=\"DSC4307\" \/>                      <\/div>        <\/a>                <a  class=\"bwg-a bwg_lightbox bwg_lightbox_0\" href=\"https:\/\/www.msctyrlistek-vdf.cz\/wp-content\/uploads\/photo-gallery\/Ctyrlistek\/DSC4304.jpg?bwg=1745427445\" data-image-id=\"836\" data-elementor-open-lightbox=\"no\">          <div class=\"bwg_mosaic_thumb_spun_0 bwg-item0 bwg-mosaic-thumb-span \">            <img decoding=\"async\" class=\"bwg_mosaic_thumb_0 skip-lazy bwg_img_clear bwg_img_custom \"                 id=\"836\"                 src=\"https:\/\/www.msctyrlistek-vdf.cz\/wp-content\/uploads\/photo-gallery\/Ctyrlistek\/thumb\/DSC4304.jpg?bwg=1745427445\"                 data-src=\"https:\/\/www.msctyrlistek-vdf.cz\/wp-content\/uploads\/photo-gallery\/Ctyrlistek\/thumb\/DSC4304.jpg?bwg=1745427445\"                 data-width=\"500.00\"                 data-height=\"334.00\"                 alt=\"DSC4304\"                 title=\"DSC4304\" \/>                      <\/div>        <\/a>                <a  class=\"bwg-a bwg_lightbox bwg_lightbox_0\" href=\"https:\/\/www.msctyrlistek-vdf.cz\/wp-content\/uploads\/photo-gallery\/Ctyrlistek\/DSC4310.jpg?bwg=1745427445\" data-image-id=\"835\" data-elementor-open-lightbox=\"no\">          <div class=\"bwg_mosaic_thumb_spun_0 bwg-item0 bwg-mosaic-thumb-span \">            <img decoding=\"async\" class=\"bwg_mosaic_thumb_0 skip-lazy bwg_img_clear bwg_img_custom \"                 id=\"835\"                 src=\"https:\/\/www.msctyrlistek-vdf.cz\/wp-content\/uploads\/photo-gallery\/Ctyrlistek\/thumb\/DSC4310.jpg?bwg=1745427445\"                 data-src=\"https:\/\/www.msctyrlistek-vdf.cz\/wp-content\/uploads\/photo-gallery\/Ctyrlistek\/thumb\/DSC4310.jpg?bwg=1745427445\"                 data-width=\"500.00\"                 data-height=\"334.00\"                 alt=\"DSC4310\"                 title=\"DSC4310\" \/>                      <\/div>        <\/a>            <\/div>    <\/div>    <style>      \/*pagination styles*\/      #bwg_container1_0 #bwg_container2_0 .tablenav-pages_0 {\t\t\t\ttext-align: center;\t\t\t\tfont-size: 12px;\t\t\t\tfont-family: Ubuntu;\t\t\t\tfont-weight: bold;\t\t\t\tcolor: #666666;\t\t\t\tmargin: 6px 0 4px;\t\t\t\tdisplay: block;      }      @media only screen and (max-width : 320px) {      #bwg_container1_0 #bwg_container2_0 .displaying-num_0 {     \t display: none;      }      }      #bwg_container1_0 #bwg_container2_0 .displaying-num_0 {\t\t\t\tfont-size: 12px;\t\t\t\tfont-family: Ubuntu;\t\t\t\tfont-weight: bold;\t\t\t\tcolor: #666666;\t\t\t\tmargin-right: 10px;\t\t\t\tvertical-align: middle;      }      #bwg_container1_0 #bwg_container2_0 .paging-input_0 {\t\t\t\tfont-size: 12px;\t\t\t\tfont-family: Ubuntu;\t\t\t\tfont-weight: bold;\t\t\t\tcolor: #666666;\t\t\t\tvertical-align: middle;      }      #bwg_container1_0 #bwg_container2_0 .tablenav-pages_0 a.disabled,      #bwg_container1_0 #bwg_container2_0 .tablenav-pages_0 a.disabled:hover,      #bwg_container1_0 #bwg_container2_0 .tablenav-pages_0 a.disabled:focus,\t\t\t#bwg_container1_0 #bwg_container2_0 .tablenav-pages_0 input.bwg_current_page {\t\t\t\tcursor: default;\t\t\t\tcolor: rgba(102, 102, 102, 0.5);      }      #bwg_container1_0 #bwg_container2_0 .tablenav-pages_0 a,      #bwg_container1_0 #bwg_container2_0 .tablenav-pages_0 input.bwg_current_page {\t\t\t\tcursor: pointer;\t\t\t\ttext-align: center;\t\t\t\tfont-size: 12px;\t\t\t\tfont-family: Ubuntu;\t\t\t\tfont-weight: bold;\t\t\t\tcolor: #666666;\t\t\t\ttext-decoration: none;\t\t\t\tpadding: 3px 6px;\t\t\t\tmargin: 0;\t\t\t\tborder-radius: 0;\t\t\t\tborder-style: none;\t\t\t\tborder-width: 1px;\t\t\t\tborder-color: #E3E3E3;\t\t\t\t\t\t\t\tbackground-color: rgba(252, 252, 252, 1.00);\t\t\t\tbox-shadow: 0;\t\t\t\ttransition: all 0.3s ease 0s;-webkit-transition: all 0.3s ease 0s;      }      <\/style>      <span class=\"bwg_nav_cont_0\">              <div class=\"tablenav-pages_0\">                  <\/div>                <input type=\"hidden\" id=\"page_number_0\" name=\"page_number_0\" value=\"1\" \/>      <script type=\"text\/javascript\">        if( jQuery('.bwg_nav_cont_0').length > 1 ) {          jQuery('.bwg_nav_cont_0').first().remove()        }        function spider_page_0(cur, x, y, load_more) {          if (typeof load_more == \"undefined\") {            var load_more = false;          }          if (jQuery(cur).hasClass('disabled')) {            return false;          }          var items_county_0 = 1;          switch (y) {            case 1:              if (x >= items_county_0) {                document.getElementById('page_number_0').value = items_county_0;              }              else {                document.getElementById('page_number_0').value = x + 1;              }              break;            case 2:              document.getElementById('page_number_0').value = items_county_0;              break;            case -1:              if (x == 1) {                document.getElementById('page_number_0').value = 1;              }              else {                document.getElementById('page_number_0').value = x - 1;              }              break;            case -2:              document.getElementById('page_number_0').value = 1;              break;\t\t\t\t\t\tcase 0:              document.getElementById('page_number_0').value = x;              break;            default:              document.getElementById('page_number_0').value = 1;          }          bwg_ajax('gal_front_form_0', '0', 'bwg_thumbnails_mosaic_0', '0', '', 'gallery', 0, '', '', load_more, '', 1);        }                    jQuery('.first-page-0').on('click', function () {              spider_page_0(this, 1, -2, 'numeric');              return false;            });            jQuery('.prev-page-0').on('click', function () {              spider_page_0(this, 1, -1, 'numeric');              return false;            });            jQuery('.next-page-0').on('click', function () {              spider_page_0(this, 1, 1, 'numeric');              return false;            });            jQuery('.last-page-0').on('click', function () {              spider_page_0(this, 1, 2, 'numeric');              return false;            });        \t\t\t\t\/* Change page on input enter. *\/        function bwg_change_page_0( e, that ) {          if (  e.key == 'Enter' ) {            var to_page = parseInt(jQuery(that).val());            var pages_count = jQuery(that).parents(\".pagination-links\").data(\"pages-count\");            var current_url_param = jQuery(that).attr('data-url-info');            if (to_page > pages_count) {              to_page = 1;            }\t \t\t\t\t\t\t\t\t\t\t\t\tspider_page_0(this, to_page, 0, 'numeric');\t\t\t\t\t\t\treturn false;\t\t\t\t\t\t          }          return true;        }        jQuery('.bwg_load_btn_0').on('click', function () {            spider_page_0(this, 1, 1, true);            return false;        });      <\/script>      <\/span>                <\/div>        <\/form>        <style>          #bwg_container1_0 #bwg_container2_0 #spider_popup_overlay_0 {          background-color: #000000;          opacity: 0.70;          }          <\/style>        <div id=\"bwg_spider_popup_loading_0\" class=\"bwg_spider_popup_loading\"><\/div>        <div id=\"spider_popup_overlay_0\" class=\"spider_popup_overlay\" onclick=\"spider_destroypopup(1000)\"><\/div>        <input type=\"hidden\" id=\"bwg_random_seed_0\" value=\"913425379\">                <\/div>    <\/div>    <script>      if (document.readyState === 'complete') {        if( typeof bwg_main_ready == 'function' ) {          if ( jQuery(\"#bwg_container1_0\").height() ) {            bwg_main_ready(jQuery(\"#bwg_container1_0\"));          }        }      } else {        document.addEventListener('DOMContentLoaded', function() {          if( typeof bwg_main_ready == 'function' ) {            if ( jQuery(\"#bwg_container1_0\").height() ) {             bwg_main_ready(jQuery(\"#bwg_container1_0\"));            }          }        });      }    <\/script>    \n","protected":false},"excerpt":{"rendered":"<p>Tato \u0161kolka se nach\u00e1z\u00ed na okraji m\u011bsta nedaleko vlakov\u00e9ho n\u00e1dra\u017e\u00ed i autobusov\u00e9 zast\u00e1vky. Are\u00e1l \u0161koly je usazen do velkorys\u00e9ho zahradn\u00edho prostoru a je prezentov\u00e1n \u010dty\u0159mi budovami (vila a t\u0159i pavilony). Dva pavilony slou\u017e\u00ed pro pobyt d\u011bt\u00ed a zb\u00fdvaj\u00edc\u00ed je pomocnou pobo\u010dkou hlavn\u00ed kuchyn\u011b v&nbsp;Galaxii eR. P\u0159i hlavn\u00edm vstupu do \u0161koln\u00ed zahrady se malebn\u011b mezi stromy &#8230; <a title=\"\u010cty\u0159l\u00edstek\" class=\"read-more\" href=\"https:\/\/www.msctyrlistek-vdf.cz\/index.php\/ctyrlistek\/\" aria-label=\"\u010c\u00edst v\u00edce o \u010cty\u0159l\u00edstek\">\u010c\u00edst d\u00e1l<\/a><\/p>\n","protected":false},"author":1,"featured_media":0,"parent":0,"menu_order":0,"comment_status":"closed","ping_status":"closed","template":"","meta":{"footnotes":""},"categories":[],"tags":[],"class_list":["post-155","page","type-page","status-publish"],"_links":{"self":[{"href":"https:\/\/www.msctyrlistek-vdf.cz\/index.php\/wp-json\/wp\/v2\/pages\/155","targetHints":{"allow":["GET"]}}],"collection":[{"href":"https:\/\/www.msctyrlistek-vdf.cz\/index.php\/wp-json\/wp\/v2\/pages"}],"about":[{"href":"https:\/\/www.msctyrlistek-vdf.cz\/index.php\/wp-json\/wp\/v2\/types\/page"}],"author":[{"embeddable":true,"href":"https:\/\/www.msctyrlistek-vdf.cz\/index.php\/wp-json\/wp\/v2\/users\/1"}],"replies":[{"embeddable":true,"href":"https:\/\/www.msctyrlistek-vdf.cz\/index.php\/wp-json\/wp\/v2\/comments?post=155"}],"version-history":[{"count":54,"href":"https:\/\/www.msctyrlistek-vdf.cz\/index.php\/wp-json\/wp\/v2\/pages\/155\/revisions"}],"predecessor-version":[{"id":1066,"href":"https:\/\/www.msctyrlistek-vdf.cz\/index.php\/wp-json\/wp\/v2\/pages\/155\/revisions\/1066"}],"wp:attachment":[{"href":"https:\/\/www.msctyrlistek-vdf.cz\/index.php\/wp-json\/wp\/v2\/media?parent=155"}],"wp:term":[{"taxonomy":"category","embeddable":true,"href":"https:\/\/www.msctyrlistek-vdf.cz\/index.php\/wp-json\/wp\/v2\/categories?post=155"},{"taxonomy":"post_tag","embeddable":true,"href":"https:\/\/www.msctyrlistek-vdf.cz\/index.php\/wp-json\/wp\/v2\/tags?post=155"}],"curies":[{"name":"wp","href":"https:\/\/api.w.org\/{rel}","templated":true}]}}